{"id":8,"date":"2018-09-03T15:46:08","date_gmt":"2018-09-03T15:46:08","guid":{"rendered":"http:\/\/mapsa.com.ar\/?page_id=8"},"modified":"2018-09-03T17:41:58","modified_gmt":"2018-09-03T17:41:58","slug":"home","status":"publish","type":"page","link":"https:\/\/mapsa.com.ar\/","title":{"rendered":"Miguel Angel Pujol SA"},"content":{"rendered":"<p>Dedicaci\u00f3n, calidad y stock en componente electr\u00f3nicos avalan nuestra trayectoria con m\u00e1s de medio siglo de servicio profesional a la industria.<\/p>\n","protected":false},"excerpt":{"rendered":"<p>Dedicaci\u00f3n, calidad y stock en componente electr\u00f3nicos avalan nuestra trayectoria con m\u00e1s de medio siglo de servicio profesional a la industria.<\/p>\n","protected":false},"author":1,"featured_media":30,"parent":0,"menu_order":0,"comment_status":"closed","ping_status":"closed","template":"","meta":{"footnotes":""},"class_list":["post-8","page","type-page","status-publish","has-post-thumbnail","hentry"],"_links":{"self":[{"href":"https:\/\/mapsa.com.ar\/index.php\/wp-json\/wp\/v2\/pages\/8","targetHints":{"allow":["GET"]}}],"collection":[{"href":"https:\/\/mapsa.com.ar\/index.php\/wp-json\/wp\/v2\/pages"}],"about":[{"href":"https:\/\/mapsa.com.ar\/index.php\/wp-json\/wp\/v2\/types\/page"}],"author":[{"embeddable":true,"href":"https:\/\/mapsa.com.ar\/index.php\/wp-json\/wp\/v2\/users\/1"}],"replies":[{"embeddable":true,"href":"https:\/\/mapsa.com.ar\/index.php\/wp-json\/wp\/v2\/comments?post=8"}],"version-history":[{"count":2,"href":"https:\/\/mapsa.com.ar\/index.php\/wp-json\/wp\/v2\/pages\/8\/revisions"}],"predecessor-version":[{"id":32,"href":"https:\/\/mapsa.com.ar\/index.php\/wp-json\/wp\/v2\/pages\/8\/revisions\/32"}],"wp:featuredmedia":[{"embeddable":true,"href":"https:\/\/mapsa.com.ar\/index.php\/wp-json\/wp\/v2\/media\/30"}],"wp:attachment":[{"href":"https:\/\/mapsa.com.ar\/index.php\/wp-json\/wp\/v2\/media?parent=8"}],"curies":[{"name":"wp","href":"https:\/\/api.w.org\/{rel}","templated":true}]}}